{"id":741,"date":"2025-07-09T11:28:24","date_gmt":"2025-07-09T09:28:24","guid":{"rendered":"https:\/\/www.beautybyvan.se\/?page_id=741"},"modified":"2025-09-05T18:49:33","modified_gmt":"2025-09-05T16:49:33","slug":"tjanster","status":"publish","type":"page","link":"http:\/\/www.beautybyvan.se\/","title":{"rendered":"Tj\u00e4nster"},"content":{"rendered":"\n<hr class=\"wp-block-separator has-alpha-channel-opacity\"\/>\n\n\n\n<h2 class=\"wp-block-heading\">Nagel- och Fransbehandlingar<\/h2>\n\n\n\n<p>H\u00e4r p\u00e5 <strong>BeautyByVan<\/strong> i G\u00e4vle hittar du allt f\u00f6r dina h\u00e4nder, naglar och fransar. Vi arbetar endast med produkter av h\u00f6g kvalitet och har mycket h\u00f6ga krav p\u00e5 b\u00e5de arbetsplats och behandlingar. Vi str\u00e4var efter att ge alla v\u00e5ra kunder det b\u00e4sta och senaste inom sk\u00f6nhetsbranschen.<\/p>\n\n\n\n<p>V\u00e5r fransstylist \u00e4r <strong>utbildad och certifierad via Luxurious Lashes sedan ett par \u00e5r tillbaka<\/strong>. Med \u00f6ga f\u00f6r detaljer och 100% fokus p\u00e5 dig som kund kan vi garantera att du aldrig l\u00e4mnar salongen missn\u00f6jd!<\/p>\n\n\n\n<hr class=\"wp-block-separator has-alpha-channel-opacity\"\/>\n\n\n\n<h2 class=\"wp-block-heading\">Japanskt Head Spa-behandling<\/h2>\n\n\n\n<p>Unna dig en avkopplande och vitaliserande <strong>japansk head spa-behandling<\/strong> hos oss. Denna unika upplevelse fokuserar p\u00e5 att f\u00f6rb\u00e4ttra skalph\u00e4lsan, stimulera h\u00e5rv\u00e4xten och ge en djup avslappning. Behandlingen inkluderar en kombination av varsam reng\u00f6ring, \u00e5terfuktande inpackningar och en h\u00e4rlig h\u00e5rbottenmassage som l\u00f6ser upp sp\u00e4nningar och fr\u00e4mjar blodcirkulationen. Det \u00e4r en perfekt behandling f\u00f6r att lindra stress och ge b\u00e5de h\u00e5r och sinne ny energi.<\/p>\n\n\n\n<hr class=\"wp-block-separator has-alpha-channel-opacity\"\/>\n\n\n\n<h2 class=\"wp-block-heading\">Manikyr &amp; Pedikyr<\/h2>\n\n\n\n<p><strong>Manikyr<\/strong> \u00e4r en kosmetisk sk\u00f6nhetsbehandling f\u00f6r fingernaglarna och\/eller h\u00e4nderna. En vanlig manikyr brukar best\u00e5 av nagelfilning, polering, reng\u00f6ring av nagelbanden, handmassage med handkr\u00e4m och applicering av nagellack eller lackgel. <strong>Fransk manikyr<\/strong> inneb\u00e4r att man m\u00e5lar ett nagellack med en vit tipp framtill p\u00e5 nageln.<\/p>\n\n\n\n<p>En <strong>pedikyr<\/strong> \u00e4r ett s\u00e4tt att f\u00f6rb\u00e4ttra utseendet p\u00e5 f\u00f6tterna och t\u00e5naglarna. Det \u00e4r i princip samma sak som en manikyr, fast f\u00f6r f\u00f6tterna. Ordet pedikyr kommer fr\u00e5n de latinska orden <em>pes<\/em> (fot) och <em>cura<\/em> (v\u00e5rd).<\/p>\n\n\n\n<hr class=\"wp-block-separator has-alpha-channel-opacity\"\/>\n\n\n\n<h2 class=\"wp-block-heading\">Nagelf\u00f6rst\u00e4rkning<\/h2>\n\n\n\n<p><strong>Nagelf\u00f6rst\u00e4rkning<\/strong> inneb\u00e4r att man endast l\u00e4gger gel p\u00e5 den naturliga nageln f\u00f6r en stark f\u00f6rst\u00e4rkning. Man bygger allts\u00e5 inte ut naglarna n\u00e5got. Boka &#8221;Nytt set&#8221; endast n\u00e4r du inte har n\u00e5got konstmaterial p\u00e5 naglarna; om du vill fylla p\u00e5 naglar som v\u00e4xt ut ska du boka &#8221;\u00c5terbes\u00f6k&#8221;.<\/p>\n\n\n\n<p><strong>Viktigt att t\u00e4nka p\u00e5:<\/strong><\/p>\n\n\n\n<ul class=\"wp-block-list\">\n<li>Peta aldrig bort materialet sj\u00e4lv, du kan skada dina egna naglar.<\/li>\n\n\n\n<li>Om materialet b\u00f6rjar lossna eller om du tappat en nagel \u2013 ring oss omg\u00e5ende s\u00e5 hj\u00e4lper vi dig.<\/li>\n\n\n\n<li>\u00c5terbes\u00f6kstid \u00e4r varannan till var tredje\/fj\u00e4rde vecka, beroende p\u00e5 slitage och utv\u00e4xt.<\/li>\n\n\n\n<li>Konstgjorda naglar ska man <strong>ALDRIG klippa med sax<\/strong> \u2013 anv\u00e4nd nagelfil.<\/li>\n\n\n\n<li>Sm\u00f6rj naglarna med nagelolja tv\u00e5 g\u00e5nger per dag.<\/li>\n<\/ul>\n\n\n\n<hr class=\"wp-block-separator has-alpha-channel-opacity\"\/>\n\n\n\n<h2 class=\"wp-block-heading\">Nagelf\u00f6rl\u00e4ngning<\/h2>\n\n\n\n<p>Med tipp eller mall f\u00f6rl\u00e4nger vi dina naglar till \u00f6nskad l\u00e4ngd. D\u00e4refter appliceras valfri f\u00e4rg eller glittergel p\u00e5 naglarna f\u00f6r b\u00e4sta h\u00e5llbarhet och glans.<\/p>\n\n\n\n<p><strong>Viktigt att t\u00e4nka p\u00e5:<\/strong><\/p>\n\n\n\n<ul class=\"wp-block-list\">\n<li>Peta aldrig bort materialet sj\u00e4lv, du kan skada dina egna naglar.<\/li>\n\n\n\n<li>Om materialet b\u00f6rjar lossna eller om du tappat en nagel \u2013 ring oss omg\u00e5ende s\u00e5 hj\u00e4lper vi dig.<\/li>\n\n\n\n<li>\u00c5terbes\u00f6kstid \u00e4r varannan till var tredje\/fj\u00e4rde vecka, beroende p\u00e5 slitage och utv\u00e4xt.<\/li>\n\n\n\n<li>Konstgjorda naglar ska man <strong>ALDRIG klippa med sax<\/strong> \u2013 anv\u00e4nd nagelfil.<\/li>\n\n\n\n<li>Sm\u00f6rj naglarna med nagelolja tv\u00e5 g\u00e5nger per dag.<\/li>\n<\/ul>\n\n\n\n<h1 class=\"wp-block-heading\"><\/h1>\n","protected":false},"excerpt":{"rendered":"<p>Nagel- och Fransbehandlingar H\u00e4r p\u00e5 BeautyByVan i G\u00e4vle hittar du allt f\u00f6r dina h\u00e4nder, naglar och fransar. Vi arbetar endast med produkter av h\u00f6g kvalitet och har mycket h\u00f6ga krav p\u00e5 b\u00e5de arbetsplats och behandlingar. Vi str\u00e4var efter att ge alla v\u00e5ra kunder det b\u00e4sta och senaste inom sk\u00f6nhetsbranschen. V\u00e5r fransstylist \u00e4r utbildad och certifierad [&hellip;]<\/p>\n","protected":false},"author":4,"featured_media":0,"parent":0,"menu_order":0,"comment_status":"closed","ping_status":"closed","template":"","meta":{"_coblocks_attr":"","_coblocks_dimensions":"","_coblocks_responsive_height":"","_coblocks_accordion_ie_support":"","footnotes":""},"class_list":["post-741","page","type-page","status-publish","hentry"],"_links":{"self":[{"href":"http:\/\/www.beautybyvan.se\/index.php?rest_route=\/wp\/v2\/pages\/741","targetHints":{"allow":["GET"]}}],"collection":[{"href":"http:\/\/www.beautybyvan.se\/index.php?rest_route=\/wp\/v2\/pages"}],"about":[{"href":"http:\/\/www.beautybyvan.se\/index.php?rest_route=\/wp\/v2\/types\/page"}],"author":[{"embeddable":true,"href":"http:\/\/www.beautybyvan.se\/index.php?rest_route=\/wp\/v2\/users\/4"}],"replies":[{"embeddable":true,"href":"http:\/\/www.beautybyvan.se\/index.php?rest_route=%2Fwp%2Fv2%2Fcomments&post=741"}],"version-history":[{"count":5,"href":"http:\/\/www.beautybyvan.se\/index.php?rest_route=\/wp\/v2\/pages\/741\/revisions"}],"predecessor-version":[{"id":762,"href":"http:\/\/www.beautybyvan.se\/index.php?rest_route=\/wp\/v2\/pages\/741\/revisions\/762"}],"wp:attachment":[{"href":"http:\/\/www.beautybyvan.se\/index.php?rest_route=%2Fwp%2Fv2%2Fmedia&parent=741"}],"curies":[{"name":"wp","href":"https:\/\/api.w.org\/{rel}","templated":true}]}}